{"id":1406,"date":"2025-09-06T11:52:08","date_gmt":"2025-09-06T09:52:08","guid":{"rendered":"https:\/\/kimradner.de\/?post_type=product&#038;p=1406"},"modified":"2026-03-17T12:26:21","modified_gmt":"2026-03-17T11:26:21","slug":"athletik-fussball-training","status":"publish","type":"product","link":"https:\/\/kimradner.de\/en\/product\/athletik-fussball-training","title":{"rendered":"Athletik Fu\u00dfball-Training"},"content":{"rendered":"<p class=\"p1\"><strong>Athletik Fu\u00dfball &#8211; Training<\/strong><\/p>\n<p>Leitung: Kim Radner, Dr. Matthias Hettchen (Orthop\u00e4de, KH Daun)<\/p>\n<p data-start=\"5187\" data-end=\"5657\">Athletiktraining ist l\u00e4ngst ein fester Bestandteil im Fu\u00dfball \u2013 aber nur dann wirksam, wenn es intelligent in den Trainingsplan integriert wird. In dieser dreiteiligen Fortbildungsreihe lernst du praxisnah, wie du deine Spieler gezielt f\u00f6rderst und gleichzeitig vor Verletzungen sch\u00fctzt. Der Fokus liegt klar auf pr\u00e4ventivem Athletiktraining, das nicht nur Muskelgruppen st\u00e4rkt, sondern auch Haltung, Koordination und Belastungssteuerung optimiert.<\/p>\n<p data-start=\"5659\" data-end=\"6193\">Im Bereich Verletzungsprophylaxe wird vermittelt, wie durch gezielte Mobilisation, Bewegungsqualit\u00e4t und Trainingssteuerung typische \u00dcberlastungen im Kinder- und Jugendfu\u00dfball vermieden werden k\u00f6nnen \u2013 z.\u202fB. im Bereich Knie, Sprunggelenk und R\u00fccken. Das Athletiktraining wird so aufgebaut, dass es sportartspezifisch, altersgerecht und effektiv in das regul\u00e4re Teamtraining eingebettet werden kann. Du bekommst einen klar strukturierten Baukasten an \u00dcbungen, Hintergrundwissen und konkreten Praxisanleitungen an die Hand.<\/p>\n<p data-start=\"6195\" data-end=\"6464\"><strong data-start=\"6195\" data-end=\"6207\">Modul 1:<\/strong> Athletik Unterk\u00f6rper \u2013 Mobilit\u00e4t, Kraft und Stabilit\u00e4t im Knie und Sprunggelenk<br data-start=\"6270\" data-end=\"6273\" \/><strong data-start=\"6273\" data-end=\"6285\">Modul 2:<\/strong> Athletik Oberk\u00f6rper \u2013 Rumpfstabilit\u00e4t, Schulterarbeit, Reaktionsverm\u00f6gen<br data-start=\"6358\" data-end=\"6361\" \/><strong data-start=\"6361\" data-end=\"6373\">Modul 3:<\/strong> Trainingsplanung \u2013 Integration in Mikro-\/Makrozyklen, Belastungssteuerung, Praxisbeispiele<\/p>\n<p data-start=\"1441\" data-end=\"1466\"><strong data-start=\"1441\" data-end=\"1464\">Ziele:<\/strong><\/p>\n<p data-start=\"1591\" data-end=\"1637\">\u2022 Verletzungspr\u00e4vention im Kinder- und Jugendfu\u00dfball<\/p>\n<p data-start=\"1640\" data-end=\"1700\">\u2022 Athletische Grundlagen schaffen<\/p>\n<p data-start=\"1703\" data-end=\"1738\">\u2022 Integration in den Trainingsalltag<\/p>\n<p data-start=\"1703\" data-end=\"1738\">\u2022 Nachhaltige Trainingsplanung<\/p>\n<p><strong>Datum:<\/strong><\/p>\n<p>Modul 1<\/p>\n<p>\u2022 Freitag, 29.05.2026<\/p>\n<p>\u2022 17:00-20:00 Uhr<\/p>\n<p><strong>Preis:<\/strong><\/p>\n<p>\u2022 54,00 \u20ac<\/p>\n<p><strong>Ort:<\/strong><\/p>\n<p>\u2022 Leudersdorf, Sportplatz<\/p>","protected":false},"excerpt":{"rendered":"<p>Athletik Fu\u00dfball &#8211; Training Leitung: Kim Radner, Dr. Matthias Hettchen (Orthop\u00e4de, KH Daun) Athletiktraining ist l\u00e4ngst ein fester Bestandteil im [&hellip;]<\/p>\n","protected":false},"featured_media":1195,"comment_status":"open","ping_status":"closed","template":"","meta":[],"product_brand":[],"product_cat":[41],"product_tag":[],"class_list":{"0":"post-1406","1":"product","2":"type-product","3":"status-publish","4":"has-post-thumbnail","6":"product_cat-workshop","8":"first","9":"instock","10":"taxable","11":"shipping-taxable","12":"purchasable","13":"product-type-simple"},"yoast_head":"<!-- This site is optimized with the Yoast SEO plugin v27.4 - https:\/\/yoast.com\/product\/yoast-seo-wordpress\/ -->\n<title>Athletik Fu\u00dfball-Training - Kim Radner<\/title>\n<meta name=\"robots\" content=\"index, follow, max-snippet:-1, max-image-preview:large, max-video-preview:-1\" \/>\n<link rel=\"canonical\" href=\"https:\/\/kimradner.de\/en\/product\/athletik-fussball-training\/\" \/>\n<meta property=\"og:locale\" content=\"en_US\" \/>\n<meta property=\"og:type\" content=\"article\" \/>\n<meta property=\"og:title\" content=\"Athletik Fu\u00dfball-Training - Kim Radner\" \/>\n<meta property=\"og:description\" content=\"Athletik Fu\u00dfball &#8211; Training Leitung: Kim Radner, Dr. Matthias Hettchen (Orthop\u00e4de, KH Daun) Athletiktraining ist l\u00e4ngst ein fester Bestandteil im [&hellip;]\" \/>\n<meta property=\"og:url\" content=\"https:\/\/kimradner.de\/en\/product\/athletik-fussball-training\/\" \/>\n<meta property=\"og:site_name\" content=\"Kim Radner\" \/>\n<meta property=\"article:modified_time\" content=\"2026-03-17T11:26:21+00:00\" \/>\n<meta property=\"og:image\" content=\"https:\/\/kimradner.de\/wp-content\/uploads\/2025\/07\/Fussball.png\" \/>\n\t<meta property=\"og:image:width\" content=\"500\" \/>\n\t<meta property=\"og:image:height\" content=\"500\" \/>\n\t<meta property=\"og:image:type\" content=\"image\/png\" \/>\n<meta name=\"twitter:card\" content=\"summary_large_image\" \/>\n<meta name=\"twitter:label1\" content=\"Est. reading time\" \/>\n\t<meta name=\"twitter:data1\" content=\"2 minutes\" \/>\n<script type=\"application\/ld+json\" class=\"yoast-schema-graph\">{\"@context\":\"https:\\\/\\\/schema.org\",\"@graph\":[{\"@type\":\"WebPage\",\"@id\":\"https:\\\/\\\/kimradner.de\\\/product\\\/athletik-fussball-training\",\"url\":\"https:\\\/\\\/kimradner.de\\\/product\\\/athletik-fussball-training\",\"name\":\"Athletik Fu\u00dfball-Training - Kim Radner\",\"isPartOf\":{\"@id\":\"https:\\\/\\\/kimradner.de\\\/#website\"},\"primaryImageOfPage\":{\"@id\":\"https:\\\/\\\/kimradner.de\\\/product\\\/athletik-fussball-training#primaryimage\"},\"image\":{\"@id\":\"https:\\\/\\\/kimradner.de\\\/product\\\/athletik-fussball-training#primaryimage\"},\"thumbnailUrl\":\"https:\\\/\\\/kimradner.de\\\/wp-content\\\/uploads\\\/2025\\\/07\\\/Fussball.png\",\"datePublished\":\"2025-09-06T09:52:08+00:00\",\"dateModified\":\"2026-03-17T11:26:21+00:00\",\"breadcrumb\":{\"@id\":\"https:\\\/\\\/kimradner.de\\\/product\\\/athletik-fussball-training#breadcrumb\"},\"inLanguage\":\"en-US\",\"potentialAction\":[{\"@type\":\"ReadAction\",\"target\":[\"https:\\\/\\\/kimradner.de\\\/product\\\/athletik-fussball-training\"]}]},{\"@type\":\"ImageObject\",\"inLanguage\":\"en-US\",\"@id\":\"https:\\\/\\\/kimradner.de\\\/product\\\/athletik-fussball-training#primaryimage\",\"url\":\"https:\\\/\\\/kimradner.de\\\/wp-content\\\/uploads\\\/2025\\\/07\\\/Fussball.png\",\"contentUrl\":\"https:\\\/\\\/kimradner.de\\\/wp-content\\\/uploads\\\/2025\\\/07\\\/Fussball.png\",\"width\":500,\"height\":500},{\"@type\":\"BreadcrumbList\",\"@id\":\"https:\\\/\\\/kimradner.de\\\/product\\\/athletik-fussball-training#breadcrumb\",\"itemListElement\":[{\"@type\":\"ListItem\",\"position\":1,\"name\":\"Startseite\",\"item\":\"https:\\\/\\\/kimradner.de\\\/\"},{\"@type\":\"ListItem\",\"position\":2,\"name\":\"Produkte\",\"item\":\"https:\\\/\\\/kimradner.de\\\/shop\"},{\"@type\":\"ListItem\",\"position\":3,\"name\":\"Athletik Fu\u00dfball-Training\"}]},{\"@type\":\"WebSite\",\"@id\":\"https:\\\/\\\/kimradner.de\\\/#website\",\"url\":\"https:\\\/\\\/kimradner.de\\\/\",\"name\":\"Kim Radner\",\"description\":\"Kim Radner, move eat sleep reapeat\",\"potentialAction\":[{\"@type\":\"SearchAction\",\"target\":{\"@type\":\"EntryPoint\",\"urlTemplate\":\"https:\\\/\\\/kimradner.de\\\/?s={search_term_string}\"},\"query-input\":{\"@type\":\"PropertyValueSpecification\",\"valueRequired\":true,\"valueName\":\"search_term_string\"}}],\"inLanguage\":\"en-US\"}]}<\/script>\n<!-- \/ Yoast SEO plugin. -->","yoast_head_json":{"title":"Athletik Fu\u00dfball-Training - Kim Radner","robots":{"index":"index","follow":"follow","max-snippet":"max-snippet:-1","max-image-preview":"max-image-preview:large","max-video-preview":"max-video-preview:-1"},"canonical":"https:\/\/kimradner.de\/en\/product\/athletik-fussball-training\/","og_locale":"en_US","og_type":"article","og_title":"Athletik Fu\u00dfball-Training - Kim Radner","og_description":"Athletik Fu\u00dfball &#8211; Training Leitung: Kim Radner, Dr. Matthias Hettchen (Orthop\u00e4de, KH Daun) Athletiktraining ist l\u00e4ngst ein fester Bestandteil im [&hellip;]","og_url":"https:\/\/kimradner.de\/en\/product\/athletik-fussball-training\/","og_site_name":"Kim Radner","article_modified_time":"2026-03-17T11:26:21+00:00","og_image":[{"width":500,"height":500,"url":"https:\/\/kimradner.de\/wp-content\/uploads\/2025\/07\/Fussball.png","type":"image\/png"}],"twitter_card":"summary_large_image","twitter_misc":{"Est. reading time":"2 minutes"},"schema":{"@context":"https:\/\/schema.org","@graph":[{"@type":"WebPage","@id":"https:\/\/kimradner.de\/product\/athletik-fussball-training","url":"https:\/\/kimradner.de\/product\/athletik-fussball-training","name":"Athletik Fu\u00dfball-Training - Kim Radner","isPartOf":{"@id":"https:\/\/kimradner.de\/#website"},"primaryImageOfPage":{"@id":"https:\/\/kimradner.de\/product\/athletik-fussball-training#primaryimage"},"image":{"@id":"https:\/\/kimradner.de\/product\/athletik-fussball-training#primaryimage"},"thumbnailUrl":"https:\/\/kimradner.de\/wp-content\/uploads\/2025\/07\/Fussball.png","datePublished":"2025-09-06T09:52:08+00:00","dateModified":"2026-03-17T11:26:21+00:00","breadcrumb":{"@id":"https:\/\/kimradner.de\/product\/athletik-fussball-training#breadcrumb"},"inLanguage":"en-US","potentialAction":[{"@type":"ReadAction","target":["https:\/\/kimradner.de\/product\/athletik-fussball-training"]}]},{"@type":"ImageObject","inLanguage":"en-US","@id":"https:\/\/kimradner.de\/product\/athletik-fussball-training#primaryimage","url":"https:\/\/kimradner.de\/wp-content\/uploads\/2025\/07\/Fussball.png","contentUrl":"https:\/\/kimradner.de\/wp-content\/uploads\/2025\/07\/Fussball.png","width":500,"height":500},{"@type":"BreadcrumbList","@id":"https:\/\/kimradner.de\/product\/athletik-fussball-training#breadcrumb","itemListElement":[{"@type":"ListItem","position":1,"name":"Startseite","item":"https:\/\/kimradner.de\/"},{"@type":"ListItem","position":2,"name":"Produkte","item":"https:\/\/kimradner.de\/shop"},{"@type":"ListItem","position":3,"name":"Athletik Fu\u00dfball-Training"}]},{"@type":"WebSite","@id":"https:\/\/kimradner.de\/#website","url":"https:\/\/kimradner.de\/","name":"Kim Radner","description":"Kim Radner, move eat sleep reapeat","potentialAction":[{"@type":"SearchAction","target":{"@type":"EntryPoint","urlTemplate":"https:\/\/kimradner.de\/?s={search_term_string}"},"query-input":{"@type":"PropertyValueSpecification","valueRequired":true,"valueName":"search_term_string"}}],"inLanguage":"en-US"}]}},"_links":{"self":[{"href":"https:\/\/kimradner.de\/en\/wp-json\/wp\/v2\/product\/1406","targetHints":{"allow":["GET"]}}],"collection":[{"href":"https:\/\/kimradner.de\/en\/wp-json\/wp\/v2\/product"}],"about":[{"href":"https:\/\/kimradner.de\/en\/wp-json\/wp\/v2\/types\/product"}],"replies":[{"embeddable":true,"href":"https:\/\/kimradner.de\/en\/wp-json\/wp\/v2\/comments?post=1406"}],"wp:featuredmedia":[{"embeddable":true,"href":"https:\/\/kimradner.de\/en\/wp-json\/wp\/v2\/media\/1195"}],"wp:attachment":[{"href":"https:\/\/kimradner.de\/en\/wp-json\/wp\/v2\/media?parent=1406"}],"wp:term":[{"taxonomy":"product_brand","embeddable":true,"href":"https:\/\/kimradner.de\/en\/wp-json\/wp\/v2\/product_brand?post=1406"},{"taxonomy":"product_cat","embeddable":true,"href":"https:\/\/kimradner.de\/en\/wp-json\/wp\/v2\/product_cat?post=1406"},{"taxonomy":"product_tag","embeddable":true,"href":"https:\/\/kimradner.de\/en\/wp-json\/wp\/v2\/product_tag?post=1406"}],"curies":[{"name":"wp","href":"https:\/\/api.w.org\/{rel}","templated":true}]}}