{"id":1375,"date":"2025-08-19T16:53:12","date_gmt":"2025-08-19T14:53:12","guid":{"rendered":"https:\/\/kimradner.de\/?post_type=product&#038;p=1375"},"modified":"2025-11-17T09:55:42","modified_gmt":"2025-11-17T08:55:42","slug":"enter-the-floor-erwachsene","status":"publish","type":"product","link":"https:\/\/kimradner.de\/en\/product\/enter-the-floor-erwachsene","title":{"rendered":"enter the floor &#8211; Erwachsene"},"content":{"rendered":"<div class=\"wpb-content-wrapper\"><div data-parent=\"true\" class=\"vc_row row-container\" id=\"row-unique-0\"><div class=\"row limit-width row-parent\"><div class=\"wpb_row row-inner\"><div class=\"wpb_column pos-top pos-center align_left column_parent col-lg-12 single-internal-gutter\"><div class=\"uncol style-light\"  ><div class=\"uncoltable\"><div class=\"uncell no-block-padding\" ><div class=\"uncont\" ><div class=\"uncode_text_column\" ><p><strong>enter the floor &#8211; Erwachsene<\/strong><\/p>\n<p>Leitung: Kim Radner<\/p>\n<p>Im diesem Workshop entdeckst du die Grundlagen von Parkour in einer sicheren und motivierenden Umgebung. Spielerische \u00dcbungen und kreative Bewegungsaufgaben laden dazu ein, den eigenen K\u00f6rper neu kennenzulernen und Bewegungen flie\u00dfend miteinander zu verbinden. Dabei geht es nicht nur um Technik, sondern auch um Achtsamkeit, Koordination und die Freude an Bewegung. Gemeinsam \u00fcben wir, Hindernisse als Chancen zu sehen und Wege zu finden, die uns in den \u201eFlow\u201c bringen. Vorerfahrungen sind nicht notwendig \u2013 jede*r kann mitmachen und das eigene Tempo bestimmen.<\/p>\n<p class=\"p1\"><strong>Schwerpunkte:<\/strong><\/p>\n<p class=\"p1\">\u2022 Grundtechniken des Parkour<\/p>\n<p class=\"p1\">\u2022 Raumwahrnehmung &amp; kreative Bewegungsl\u00f6sungen<\/p>\n<p class=\"p1\">\u2022 Koordination, Balance &amp; K\u00f6rperspannung<\/p>\n<p class=\"p1\">\u2022 Selbstbewusstsein &amp; Gruppenerlebnis<\/p>\n<p><strong>Datum:<\/strong><\/p>\n<p>\u2022 Samstag, 20.06.2026<\/p>\n<p>\u2022 10:00 &#8211; 14:00 Uhr<\/p>\n<p><strong>Preis:<\/strong><\/p>\n<p>\u2022 59,00 \u20ac<\/p>\n<p><strong>Ort:<\/strong><\/p>\n<p>\u2022 Daun, Bewegungsschule<\/p>\n<\/div><\/div><\/div><\/div><\/div><\/div><script id=\"script-row-unique-0\" data-row=\"script-row-unique-0\" type=\"text\/javascript\" class=\"vc_controls\">UNCODE.initRow(document.getElementById(\"row-unique-0\"));<\/script><\/div><\/div><\/div>\n<\/div>","protected":false},"excerpt":{"rendered":"enter the floor &#8211; Erwachsene Leitung: Kim Radner Im diesem Workshop entdeckst du die Grundlagen von Parkour in einer sicheren [...]","protected":false},"featured_media":1404,"comment_status":"open","ping_status":"closed","template":"","meta":[],"product_brand":[],"product_cat":[41,56],"product_tag":[],"class_list":{"0":"post-1375","1":"product","2":"type-product","3":"status-publish","4":"has-post-thumbnail","6":"product_cat-workshop","7":"product_cat-erwachsene","9":"first","10":"instock","11":"taxable","12":"shipping-taxable","13":"purchasable","14":"product-type-simple"},"yoast_head":"<!-- This site is optimized with the Yoast SEO plugin v27.4 - https:\/\/yoast.com\/product\/yoast-seo-wordpress\/ -->\n<title>enter the floor - Erwachsene - Kim Radner<\/title>\n<meta name=\"robots\" content=\"index, follow, max-snippet:-1, max-image-preview:large, max-video-preview:-1\" \/>\n<link rel=\"canonical\" href=\"https:\/\/kimradner.de\/en\/product\/enter-the-floor-erwachsene\/\" \/>\n<meta property=\"og:locale\" content=\"en_US\" \/>\n<meta property=\"og:type\" content=\"article\" \/>\n<meta property=\"og:title\" content=\"enter the floor - Erwachsene - Kim Radner\" \/>\n<meta property=\"og:url\" content=\"https:\/\/kimradner.de\/en\/product\/enter-the-floor-erwachsene\/\" \/>\n<meta property=\"og:site_name\" content=\"Kim Radner\" \/>\n<meta property=\"article:modified_time\" content=\"2025-11-17T08:55:42+00:00\" \/>\n<meta property=\"og:image\" content=\"https:\/\/kimradner.de\/wp-content\/uploads\/2025\/08\/34660-scaled-e1757153964784.jpeg\" \/>\n\t<meta property=\"og:image:width\" content=\"1080\" \/>\n\t<meta property=\"og:image:height\" content=\"1080\" \/>\n\t<meta property=\"og:image:type\" content=\"image\/jpeg\" \/>\n<meta name=\"twitter:card\" content=\"summary_large_image\" \/>\n<meta name=\"twitter:label1\" content=\"Est. reading time\" \/>\n\t<meta name=\"twitter:data1\" content=\"1 minute\" \/>\n<script type=\"application\/ld+json\" class=\"yoast-schema-graph\">{\"@context\":\"https:\\\/\\\/schema.org\",\"@graph\":[{\"@type\":\"WebPage\",\"@id\":\"https:\\\/\\\/kimradner.de\\\/product\\\/enter-the-floor-erwachsene\",\"url\":\"https:\\\/\\\/kimradner.de\\\/product\\\/enter-the-floor-erwachsene\",\"name\":\"enter the floor - Erwachsene - Kim Radner\",\"isPartOf\":{\"@id\":\"https:\\\/\\\/kimradner.de\\\/#website\"},\"primaryImageOfPage\":{\"@id\":\"https:\\\/\\\/kimradner.de\\\/product\\\/enter-the-floor-erwachsene#primaryimage\"},\"image\":{\"@id\":\"https:\\\/\\\/kimradner.de\\\/product\\\/enter-the-floor-erwachsene#primaryimage\"},\"thumbnailUrl\":\"https:\\\/\\\/kimradner.de\\\/wp-content\\\/uploads\\\/2025\\\/08\\\/34660-scaled-e1757153964784.jpeg\",\"datePublished\":\"2025-08-19T14:53:12+00:00\",\"dateModified\":\"2025-11-17T08:55:42+00:00\",\"breadcrumb\":{\"@id\":\"https:\\\/\\\/kimradner.de\\\/product\\\/enter-the-floor-erwachsene#breadcrumb\"},\"inLanguage\":\"en-US\",\"potentialAction\":[{\"@type\":\"ReadAction\",\"target\":[\"https:\\\/\\\/kimradner.de\\\/product\\\/enter-the-floor-erwachsene\"]}]},{\"@type\":\"ImageObject\",\"inLanguage\":\"en-US\",\"@id\":\"https:\\\/\\\/kimradner.de\\\/product\\\/enter-the-floor-erwachsene#primaryimage\",\"url\":\"https:\\\/\\\/kimradner.de\\\/wp-content\\\/uploads\\\/2025\\\/08\\\/34660-scaled-e1757153964784.jpeg\",\"contentUrl\":\"https:\\\/\\\/kimradner.de\\\/wp-content\\\/uploads\\\/2025\\\/08\\\/34660-scaled-e1757153964784.jpeg\",\"width\":1080,\"height\":1080},{\"@type\":\"BreadcrumbList\",\"@id\":\"https:\\\/\\\/kimradner.de\\\/product\\\/enter-the-floor-erwachsene#breadcrumb\",\"itemListElement\":[{\"@type\":\"ListItem\",\"position\":1,\"name\":\"Startseite\",\"item\":\"https:\\\/\\\/kimradner.de\\\/\"},{\"@type\":\"ListItem\",\"position\":2,\"name\":\"Produkte\",\"item\":\"https:\\\/\\\/kimradner.de\\\/shop\"},{\"@type\":\"ListItem\",\"position\":3,\"name\":\"enter the floor &#8211; Erwachsene\"}]},{\"@type\":\"WebSite\",\"@id\":\"https:\\\/\\\/kimradner.de\\\/#website\",\"url\":\"https:\\\/\\\/kimradner.de\\\/\",\"name\":\"Kim Radner\",\"description\":\"Kim Radner, move eat sleep reapeat\",\"potentialAction\":[{\"@type\":\"SearchAction\",\"target\":{\"@type\":\"EntryPoint\",\"urlTemplate\":\"https:\\\/\\\/kimradner.de\\\/?s={search_term_string}\"},\"query-input\":{\"@type\":\"PropertyValueSpecification\",\"valueRequired\":true,\"valueName\":\"search_term_string\"}}],\"inLanguage\":\"en-US\"}]}<\/script>\n<!-- \/ Yoast SEO plugin. -->","yoast_head_json":{"title":"enter the floor - Erwachsene - Kim Radner","robots":{"index":"index","follow":"follow","max-snippet":"max-snippet:-1","max-image-preview":"max-image-preview:large","max-video-preview":"max-video-preview:-1"},"canonical":"https:\/\/kimradner.de\/en\/product\/enter-the-floor-erwachsene\/","og_locale":"en_US","og_type":"article","og_title":"enter the floor - Erwachsene - Kim Radner","og_url":"https:\/\/kimradner.de\/en\/product\/enter-the-floor-erwachsene\/","og_site_name":"Kim Radner","article_modified_time":"2025-11-17T08:55:42+00:00","og_image":[{"width":1080,"height":1080,"url":"https:\/\/kimradner.de\/wp-content\/uploads\/2025\/08\/34660-scaled-e1757153964784.jpeg","type":"image\/jpeg"}],"twitter_card":"summary_large_image","twitter_misc":{"Est. reading time":"1 minute"},"schema":{"@context":"https:\/\/schema.org","@graph":[{"@type":"WebPage","@id":"https:\/\/kimradner.de\/product\/enter-the-floor-erwachsene","url":"https:\/\/kimradner.de\/product\/enter-the-floor-erwachsene","name":"enter the floor - Erwachsene - Kim Radner","isPartOf":{"@id":"https:\/\/kimradner.de\/#website"},"primaryImageOfPage":{"@id":"https:\/\/kimradner.de\/product\/enter-the-floor-erwachsene#primaryimage"},"image":{"@id":"https:\/\/kimradner.de\/product\/enter-the-floor-erwachsene#primaryimage"},"thumbnailUrl":"https:\/\/kimradner.de\/wp-content\/uploads\/2025\/08\/34660-scaled-e1757153964784.jpeg","datePublished":"2025-08-19T14:53:12+00:00","dateModified":"2025-11-17T08:55:42+00:00","breadcrumb":{"@id":"https:\/\/kimradner.de\/product\/enter-the-floor-erwachsene#breadcrumb"},"inLanguage":"en-US","potentialAction":[{"@type":"ReadAction","target":["https:\/\/kimradner.de\/product\/enter-the-floor-erwachsene"]}]},{"@type":"ImageObject","inLanguage":"en-US","@id":"https:\/\/kimradner.de\/product\/enter-the-floor-erwachsene#primaryimage","url":"https:\/\/kimradner.de\/wp-content\/uploads\/2025\/08\/34660-scaled-e1757153964784.jpeg","contentUrl":"https:\/\/kimradner.de\/wp-content\/uploads\/2025\/08\/34660-scaled-e1757153964784.jpeg","width":1080,"height":1080},{"@type":"BreadcrumbList","@id":"https:\/\/kimradner.de\/product\/enter-the-floor-erwachsene#breadcrumb","itemListElement":[{"@type":"ListItem","position":1,"name":"Startseite","item":"https:\/\/kimradner.de\/"},{"@type":"ListItem","position":2,"name":"Produkte","item":"https:\/\/kimradner.de\/shop"},{"@type":"ListItem","position":3,"name":"enter the floor &#8211; Erwachsene"}]},{"@type":"WebSite","@id":"https:\/\/kimradner.de\/#website","url":"https:\/\/kimradner.de\/","name":"Kim Radner","description":"Kim Radner, move eat sleep reapeat","potentialAction":[{"@type":"SearchAction","target":{"@type":"EntryPoint","urlTemplate":"https:\/\/kimradner.de\/?s={search_term_string}"},"query-input":{"@type":"PropertyValueSpecification","valueRequired":true,"valueName":"search_term_string"}}],"inLanguage":"en-US"}]}},"_links":{"self":[{"href":"https:\/\/kimradner.de\/en\/wp-json\/wp\/v2\/product\/1375","targetHints":{"allow":["GET"]}}],"collection":[{"href":"https:\/\/kimradner.de\/en\/wp-json\/wp\/v2\/product"}],"about":[{"href":"https:\/\/kimradner.de\/en\/wp-json\/wp\/v2\/types\/product"}],"replies":[{"embeddable":true,"href":"https:\/\/kimradner.de\/en\/wp-json\/wp\/v2\/comments?post=1375"}],"wp:featuredmedia":[{"embeddable":true,"href":"https:\/\/kimradner.de\/en\/wp-json\/wp\/v2\/media\/1404"}],"wp:attachment":[{"href":"https:\/\/kimradner.de\/en\/wp-json\/wp\/v2\/media?parent=1375"}],"wp:term":[{"taxonomy":"product_brand","embeddable":true,"href":"https:\/\/kimradner.de\/en\/wp-json\/wp\/v2\/product_brand?post=1375"},{"taxonomy":"product_cat","embeddable":true,"href":"https:\/\/kimradner.de\/en\/wp-json\/wp\/v2\/product_cat?post=1375"},{"taxonomy":"product_tag","embeddable":true,"href":"https:\/\/kimradner.de\/en\/wp-json\/wp\/v2\/product_tag?post=1375"}],"curies":[{"name":"wp","href":"https:\/\/api.w.org\/{rel}","templated":true}]}}