{"id":1149,"date":"2025-07-07T09:58:46","date_gmt":"2025-07-07T09:58:46","guid":{"rendered":"https:\/\/kimradner.de\/?post_type=product&#038;p=1149"},"modified":"2025-08-22T18:25:43","modified_gmt":"2025-08-22T16:25:43","slug":"gutscheine-bewegungsschule-50e","status":"publish","type":"product","link":"https:\/\/kimradner.de\/en\/product\/gutscheine-bewegungsschule-50e","title":{"rendered":"Gutschein Bewegungsschule &#8211; 50\u20ac"},"content":{"rendered":"<div class=\"wpb-content-wrapper\"><div data-parent=\"true\" class=\"vc_row row-container\" id=\"row-unique-0\"><div class=\"row limit-width row-parent\"><div class=\"wpb_row row-inner\"><div class=\"wpb_column pos-top pos-center align_left column_parent col-lg-12 single-internal-gutter\"><div class=\"uncol style-light\"  ><div class=\"uncoltable\"><div class=\"uncell no-block-padding\" ><div class=\"uncont\" ><div class=\"uncode_text_column\" ><p><strong>50 \u20ac Gutschein<\/strong><\/p>\n<p>Verschenke Freude an Bewegung!<\/p>\n<p>Du m\u00f6chtest deinen Liebsten eine ganz besondere Freude machen?<br \/>\nKein Problem, hier kannst du ganz einfach einen Gutschein bei uns bestellen. Unsere Gutscheine k\u00f6nnen f\u00fcr alle Kurse, Workshops, Personal Trainings und Angebote der Bewegungsschule eingel\u00f6st werden.<\/p>\n<p><strong>Schenke Gesundheit, Bewegung und neue Energie!<\/strong><\/p>\n<\/div><\/div><\/div><\/div><\/div><\/div><script id=\"script-row-unique-0\" data-row=\"script-row-unique-0\" type=\"text\/javascript\" class=\"vc_controls\">UNCODE.initRow(document.getElementById(\"row-unique-0\"));<\/script><\/div><\/div><\/div>\n<\/div>","protected":false},"excerpt":{"rendered":"50 \u20ac Gutschein Verschenke Freude an Bewegung! Du m\u00f6chtest deinen Liebsten eine ganz besondere Freude machen? Kein Problem, hier kannst [...]","protected":false},"featured_media":1198,"comment_status":"open","ping_status":"closed","template":"","meta":[],"product_brand":[],"product_cat":[40],"product_tag":[],"class_list":{"0":"post-1149","1":"product","2":"type-product","3":"status-publish","4":"has-post-thumbnail","6":"product_cat-gutscheine","8":"first","9":"instock","10":"taxable","11":"shipping-taxable","12":"purchasable","13":"product-type-simple"},"yoast_head":"<!-- This site is optimized with the Yoast SEO plugin v27.4 - https:\/\/yoast.com\/product\/yoast-seo-wordpress\/ -->\n<title>Gutschein Bewegungsschule - 50\u20ac - Kim Radner<\/title>\n<meta name=\"robots\" content=\"index, follow, max-snippet:-1, max-image-preview:large, max-video-preview:-1\" \/>\n<link rel=\"canonical\" href=\"https:\/\/kimradner.de\/en\/product\/gutscheine-bewegungsschule-50e\/\" \/>\n<meta property=\"og:locale\" content=\"en_US\" \/>\n<meta property=\"og:type\" content=\"article\" \/>\n<meta property=\"og:title\" content=\"Gutschein Bewegungsschule - 50\u20ac - Kim Radner\" \/>\n<meta property=\"og:url\" content=\"https:\/\/kimradner.de\/en\/product\/gutscheine-bewegungsschule-50e\/\" \/>\n<meta property=\"og:site_name\" content=\"Kim Radner\" \/>\n<meta property=\"article:modified_time\" content=\"2025-08-22T16:25:43+00:00\" \/>\n<meta property=\"og:image\" content=\"https:\/\/kimradner.de\/wp-content\/uploads\/2025\/07\/Gutschein_Bewegungsschule.png\" \/>\n\t<meta property=\"og:image:width\" content=\"500\" \/>\n\t<meta property=\"og:image:height\" content=\"500\" \/>\n\t<meta property=\"og:image:type\" content=\"image\/png\" \/>\n<meta name=\"twitter:card\" content=\"summary_large_image\" \/>\n<meta name=\"twitter:label1\" content=\"Est. reading time\" \/>\n\t<meta name=\"twitter:data1\" content=\"1 minute\" \/>\n<script type=\"application\/ld+json\" class=\"yoast-schema-graph\">{\"@context\":\"https:\\\/\\\/schema.org\",\"@graph\":[{\"@type\":\"WebPage\",\"@id\":\"https:\\\/\\\/kimradner.de\\\/product\\\/gutscheine-bewegungsschule-50e\",\"url\":\"https:\\\/\\\/kimradner.de\\\/product\\\/gutscheine-bewegungsschule-50e\",\"name\":\"Gutschein Bewegungsschule - 50\u20ac - Kim Radner\",\"isPartOf\":{\"@id\":\"https:\\\/\\\/kimradner.de\\\/#website\"},\"primaryImageOfPage\":{\"@id\":\"https:\\\/\\\/kimradner.de\\\/product\\\/gutscheine-bewegungsschule-50e#primaryimage\"},\"image\":{\"@id\":\"https:\\\/\\\/kimradner.de\\\/product\\\/gutscheine-bewegungsschule-50e#primaryimage\"},\"thumbnailUrl\":\"https:\\\/\\\/kimradner.de\\\/wp-content\\\/uploads\\\/2025\\\/07\\\/Gutschein_Bewegungsschule.png\",\"datePublished\":\"2025-07-07T09:58:46+00:00\",\"dateModified\":\"2025-08-22T16:25:43+00:00\",\"breadcrumb\":{\"@id\":\"https:\\\/\\\/kimradner.de\\\/product\\\/gutscheine-bewegungsschule-50e#breadcrumb\"},\"inLanguage\":\"en-US\",\"potentialAction\":[{\"@type\":\"ReadAction\",\"target\":[\"https:\\\/\\\/kimradner.de\\\/product\\\/gutscheine-bewegungsschule-50e\"]}]},{\"@type\":\"ImageObject\",\"inLanguage\":\"en-US\",\"@id\":\"https:\\\/\\\/kimradner.de\\\/product\\\/gutscheine-bewegungsschule-50e#primaryimage\",\"url\":\"https:\\\/\\\/kimradner.de\\\/wp-content\\\/uploads\\\/2025\\\/07\\\/Gutschein_Bewegungsschule.png\",\"contentUrl\":\"https:\\\/\\\/kimradner.de\\\/wp-content\\\/uploads\\\/2025\\\/07\\\/Gutschein_Bewegungsschule.png\",\"width\":500,\"height\":500},{\"@type\":\"BreadcrumbList\",\"@id\":\"https:\\\/\\\/kimradner.de\\\/product\\\/gutscheine-bewegungsschule-50e#breadcrumb\",\"itemListElement\":[{\"@type\":\"ListItem\",\"position\":1,\"name\":\"Startseite\",\"item\":\"https:\\\/\\\/kimradner.de\\\/\"},{\"@type\":\"ListItem\",\"position\":2,\"name\":\"Produkte\",\"item\":\"https:\\\/\\\/kimradner.de\\\/shop\"},{\"@type\":\"ListItem\",\"position\":3,\"name\":\"Gutschein Bewegungsschule &#8211; 50\u20ac\"}]},{\"@type\":\"WebSite\",\"@id\":\"https:\\\/\\\/kimradner.de\\\/#website\",\"url\":\"https:\\\/\\\/kimradner.de\\\/\",\"name\":\"Kim Radner\",\"description\":\"Kim Radner, move eat sleep reapeat\",\"potentialAction\":[{\"@type\":\"SearchAction\",\"target\":{\"@type\":\"EntryPoint\",\"urlTemplate\":\"https:\\\/\\\/kimradner.de\\\/?s={search_term_string}\"},\"query-input\":{\"@type\":\"PropertyValueSpecification\",\"valueRequired\":true,\"valueName\":\"search_term_string\"}}],\"inLanguage\":\"en-US\"}]}<\/script>\n<!-- \/ Yoast SEO plugin. -->","yoast_head_json":{"title":"Gutschein Bewegungsschule - 50\u20ac - Kim Radner","robots":{"index":"index","follow":"follow","max-snippet":"max-snippet:-1","max-image-preview":"max-image-preview:large","max-video-preview":"max-video-preview:-1"},"canonical":"https:\/\/kimradner.de\/en\/product\/gutscheine-bewegungsschule-50e\/","og_locale":"en_US","og_type":"article","og_title":"Gutschein Bewegungsschule - 50\u20ac - Kim Radner","og_url":"https:\/\/kimradner.de\/en\/product\/gutscheine-bewegungsschule-50e\/","og_site_name":"Kim Radner","article_modified_time":"2025-08-22T16:25:43+00:00","og_image":[{"width":500,"height":500,"url":"https:\/\/kimradner.de\/wp-content\/uploads\/2025\/07\/Gutschein_Bewegungsschule.png","type":"image\/png"}],"twitter_card":"summary_large_image","twitter_misc":{"Est. reading time":"1 minute"},"schema":{"@context":"https:\/\/schema.org","@graph":[{"@type":"WebPage","@id":"https:\/\/kimradner.de\/product\/gutscheine-bewegungsschule-50e","url":"https:\/\/kimradner.de\/product\/gutscheine-bewegungsschule-50e","name":"Gutschein Bewegungsschule - 50\u20ac - Kim Radner","isPartOf":{"@id":"https:\/\/kimradner.de\/#website"},"primaryImageOfPage":{"@id":"https:\/\/kimradner.de\/product\/gutscheine-bewegungsschule-50e#primaryimage"},"image":{"@id":"https:\/\/kimradner.de\/product\/gutscheine-bewegungsschule-50e#primaryimage"},"thumbnailUrl":"https:\/\/kimradner.de\/wp-content\/uploads\/2025\/07\/Gutschein_Bewegungsschule.png","datePublished":"2025-07-07T09:58:46+00:00","dateModified":"2025-08-22T16:25:43+00:00","breadcrumb":{"@id":"https:\/\/kimradner.de\/product\/gutscheine-bewegungsschule-50e#breadcrumb"},"inLanguage":"en-US","potentialAction":[{"@type":"ReadAction","target":["https:\/\/kimradner.de\/product\/gutscheine-bewegungsschule-50e"]}]},{"@type":"ImageObject","inLanguage":"en-US","@id":"https:\/\/kimradner.de\/product\/gutscheine-bewegungsschule-50e#primaryimage","url":"https:\/\/kimradner.de\/wp-content\/uploads\/2025\/07\/Gutschein_Bewegungsschule.png","contentUrl":"https:\/\/kimradner.de\/wp-content\/uploads\/2025\/07\/Gutschein_Bewegungsschule.png","width":500,"height":500},{"@type":"BreadcrumbList","@id":"https:\/\/kimradner.de\/product\/gutscheine-bewegungsschule-50e#breadcrumb","itemListElement":[{"@type":"ListItem","position":1,"name":"Startseite","item":"https:\/\/kimradner.de\/"},{"@type":"ListItem","position":2,"name":"Produkte","item":"https:\/\/kimradner.de\/shop"},{"@type":"ListItem","position":3,"name":"Gutschein Bewegungsschule &#8211; 50\u20ac"}]},{"@type":"WebSite","@id":"https:\/\/kimradner.de\/#website","url":"https:\/\/kimradner.de\/","name":"Kim Radner","description":"Kim Radner, move eat sleep reapeat","potentialAction":[{"@type":"SearchAction","target":{"@type":"EntryPoint","urlTemplate":"https:\/\/kimradner.de\/?s={search_term_string}"},"query-input":{"@type":"PropertyValueSpecification","valueRequired":true,"valueName":"search_term_string"}}],"inLanguage":"en-US"}]}},"_links":{"self":[{"href":"https:\/\/kimradner.de\/en\/wp-json\/wp\/v2\/product\/1149","targetHints":{"allow":["GET"]}}],"collection":[{"href":"https:\/\/kimradner.de\/en\/wp-json\/wp\/v2\/product"}],"about":[{"href":"https:\/\/kimradner.de\/en\/wp-json\/wp\/v2\/types\/product"}],"replies":[{"embeddable":true,"href":"https:\/\/kimradner.de\/en\/wp-json\/wp\/v2\/comments?post=1149"}],"wp:featuredmedia":[{"embeddable":true,"href":"https:\/\/kimradner.de\/en\/wp-json\/wp\/v2\/media\/1198"}],"wp:attachment":[{"href":"https:\/\/kimradner.de\/en\/wp-json\/wp\/v2\/media?parent=1149"}],"wp:term":[{"taxonomy":"product_brand","embeddable":true,"href":"https:\/\/kimradner.de\/en\/wp-json\/wp\/v2\/product_brand?post=1149"},{"taxonomy":"product_cat","embeddable":true,"href":"https:\/\/kimradner.de\/en\/wp-json\/wp\/v2\/product_cat?post=1149"},{"taxonomy":"product_tag","embeddable":true,"href":"https:\/\/kimradner.de\/en\/wp-json\/wp\/v2\/product_tag?post=1149"}],"curies":[{"name":"wp","href":"https:\/\/api.w.org\/{rel}","templated":true}]}}