{"id":1117,"date":"2025-07-01T12:57:48","date_gmt":"2025-07-01T12:57:48","guid":{"rendered":"https:\/\/kimradner.de\/?post_type=product&#038;p=1117"},"modified":"2026-01-31T12:02:41","modified_gmt":"2026-01-31T11:02:41","slug":"fit-durch-die-firma","status":"publish","type":"product","link":"https:\/\/kimradner.de\/en\/product\/fit-durch-die-firma","title":{"rendered":"Fit durch die Firma"},"content":{"rendered":"<div class=\"wpb-content-wrapper\"><div data-parent=\"true\" class=\"vc_row row-container\" id=\"row-unique-0\"><div class=\"row limit-width row-parent\"><div class=\"wpb_row row-inner\"><div class=\"wpb_column pos-top pos-center align_left column_parent col-lg-12 single-internal-gutter\"><div class=\"uncol style-light\"  ><div class=\"uncoltable\"><div class=\"uncell no-block-padding\" ><div class=\"uncont\" ><div class=\"uncode_text_column\" ><p><strong>Fit durch die Firma<\/strong><\/p>\n<p>Leitung: Kim Radner<\/p>\n<p class=\"p1\">Mitarbeitende sind das h\u00f6chste Gut eines Unternehmens \u2013 sie tragen jeden Tag Verantwortung, Innovation und den Herzschlag des Betriebs. Mit diesem Workshop-Paket bietet die Bewegungsschule eine nachhaltige M\u00f6glichkeit, das Team ganzheitlich zu st\u00e4rken: k\u00f6rperlich, mental und sozial. In zehn dynamischen Einheiten lernen die Teilnehmer:innen, wie sie Bewegung in den Alltag integrieren, wie sie Energie aufbauen und gleichzeitig Stress abbauen k\u00f6nnen. Ziel ist es, Gesundheit am Arbeitsplatz als festen Bestandteil der Unternehmenskultur zu verankern.<\/p>\n<p class=\"p1\">Zus\u00e4tzlich wird durch gezielte \u00dcbungen das Teambuilding gest\u00e4rkt und die individuelle Leistungsf\u00e4higkeit im Alltag verbessert \u2013 im Job, in der Freizeit und in der Familie. Dieser Kurs ist nicht nur ein pr\u00e4ventives Gesundheitsangebot, sondern ein echter Mehrwert fu\u0308r jede Firmenstruktur.<\/p>\n<p class=\"p1\"><strong>Inhalte:<\/strong><\/p>\n<p class=\"p1\">\u2022 Alltagstaugliche Bewegungsroutinen<\/p>\n<p class=\"p1\">\u2022 Ru\u0308ckengesundheit &amp; Stressabbau<\/p>\n<p class=\"p1\">\u2022 Teambuilding durch funktionelles Training<\/p>\n<p class=\"p1\">\u2022 Work-Life-Balance f\u00f6rdern &amp; Energiepotenziale aktivieren<\/p>\n<p><strong>Dauer:<\/strong><\/p>\n<p>\u2022 6-10 x 1h<\/p>\n<p><strong>Preis:<\/strong><\/p>\n<p>\u2022 auf Anfrage<\/p>\n<p><strong>Ort:<\/strong><\/p>\n<p>\u2022 Daun, Bewegungsschule (im Unternehmen selbst, Kurpark Daun)<\/p>\n<\/div><\/div><\/div><\/div><\/div><\/div><script id=\"script-row-unique-0\" data-row=\"script-row-unique-0\" type=\"text\/javascript\" class=\"vc_controls\">UNCODE.initRow(document.getElementById(\"row-unique-0\"));<\/script><\/div><\/div><\/div>\n<\/div>","protected":false},"excerpt":{"rendered":"Fit durch die Firma Leitung: Kim Radner Mitarbeitende sind das h\u00f6chste Gut eines Unternehmens \u2013 sie tragen jeden Tag Verantwortung, [...]","protected":false},"featured_media":1190,"comment_status":"open","ping_status":"closed","template":"","meta":[],"product_brand":[],"product_cat":[55],"product_tag":[],"class_list":{"0":"post-1117","1":"product","2":"type-product","3":"status-publish","4":"has-post-thumbnail","6":"product_cat-firmen","8":"first","9":"instock","10":"taxable","11":"shipping-taxable","12":"product-type-simple"},"yoast_head":"<!-- This site is optimized with the Yoast SEO plugin v27.4 - https:\/\/yoast.com\/product\/yoast-seo-wordpress\/ -->\n<title>Fit durch die Firma - Kim Radner<\/title>\n<meta name=\"robots\" content=\"index, follow, max-snippet:-1, max-image-preview:large, max-video-preview:-1\" \/>\n<link rel=\"canonical\" href=\"https:\/\/kimradner.de\/en\/product\/fit-durch-die-firma\/\" \/>\n<meta property=\"og:locale\" content=\"en_US\" \/>\n<meta property=\"og:type\" content=\"article\" \/>\n<meta property=\"og:title\" content=\"Fit durch die Firma - Kim Radner\" \/>\n<meta property=\"og:url\" content=\"https:\/\/kimradner.de\/en\/product\/fit-durch-die-firma\/\" \/>\n<meta property=\"og:site_name\" content=\"Kim Radner\" \/>\n<meta property=\"article:modified_time\" content=\"2026-01-31T11:02:41+00:00\" \/>\n<meta property=\"og:image\" content=\"https:\/\/kimradner.de\/wp-content\/uploads\/2025\/07\/Firmenfitness.png\" \/>\n\t<meta property=\"og:image:width\" content=\"500\" \/>\n\t<meta property=\"og:image:height\" content=\"500\" \/>\n\t<meta property=\"og:image:type\" content=\"image\/png\" \/>\n<meta name=\"twitter:card\" content=\"summary_large_image\" \/>\n<meta name=\"twitter:label1\" content=\"Est. reading time\" \/>\n\t<meta name=\"twitter:data1\" content=\"2 minutes\" \/>\n<script type=\"application\/ld+json\" class=\"yoast-schema-graph\">{\"@context\":\"https:\\\/\\\/schema.org\",\"@graph\":[{\"@type\":\"WebPage\",\"@id\":\"https:\\\/\\\/kimradner.de\\\/product\\\/fit-durch-die-firma\",\"url\":\"https:\\\/\\\/kimradner.de\\\/product\\\/fit-durch-die-firma\",\"name\":\"Fit durch die Firma - Kim Radner\",\"isPartOf\":{\"@id\":\"https:\\\/\\\/kimradner.de\\\/#website\"},\"primaryImageOfPage\":{\"@id\":\"https:\\\/\\\/kimradner.de\\\/product\\\/fit-durch-die-firma#primaryimage\"},\"image\":{\"@id\":\"https:\\\/\\\/kimradner.de\\\/product\\\/fit-durch-die-firma#primaryimage\"},\"thumbnailUrl\":\"https:\\\/\\\/kimradner.de\\\/wp-content\\\/uploads\\\/2025\\\/07\\\/Firmenfitness.png\",\"datePublished\":\"2025-07-01T12:57:48+00:00\",\"dateModified\":\"2026-01-31T11:02:41+00:00\",\"breadcrumb\":{\"@id\":\"https:\\\/\\\/kimradner.de\\\/product\\\/fit-durch-die-firma#breadcrumb\"},\"inLanguage\":\"en-US\",\"potentialAction\":[{\"@type\":\"ReadAction\",\"target\":[\"https:\\\/\\\/kimradner.de\\\/product\\\/fit-durch-die-firma\"]}]},{\"@type\":\"ImageObject\",\"inLanguage\":\"en-US\",\"@id\":\"https:\\\/\\\/kimradner.de\\\/product\\\/fit-durch-die-firma#primaryimage\",\"url\":\"https:\\\/\\\/kimradner.de\\\/wp-content\\\/uploads\\\/2025\\\/07\\\/Firmenfitness.png\",\"contentUrl\":\"https:\\\/\\\/kimradner.de\\\/wp-content\\\/uploads\\\/2025\\\/07\\\/Firmenfitness.png\",\"width\":500,\"height\":500},{\"@type\":\"BreadcrumbList\",\"@id\":\"https:\\\/\\\/kimradner.de\\\/product\\\/fit-durch-die-firma#breadcrumb\",\"itemListElement\":[{\"@type\":\"ListItem\",\"position\":1,\"name\":\"Startseite\",\"item\":\"https:\\\/\\\/kimradner.de\\\/\"},{\"@type\":\"ListItem\",\"position\":2,\"name\":\"Produkte\",\"item\":\"https:\\\/\\\/kimradner.de\\\/shop\"},{\"@type\":\"ListItem\",\"position\":3,\"name\":\"Fit durch die Firma\"}]},{\"@type\":\"WebSite\",\"@id\":\"https:\\\/\\\/kimradner.de\\\/#website\",\"url\":\"https:\\\/\\\/kimradner.de\\\/\",\"name\":\"Kim Radner\",\"description\":\"Kim Radner, move eat sleep reapeat\",\"potentialAction\":[{\"@type\":\"SearchAction\",\"target\":{\"@type\":\"EntryPoint\",\"urlTemplate\":\"https:\\\/\\\/kimradner.de\\\/?s={search_term_string}\"},\"query-input\":{\"@type\":\"PropertyValueSpecification\",\"valueRequired\":true,\"valueName\":\"search_term_string\"}}],\"inLanguage\":\"en-US\"}]}<\/script>\n<!-- \/ Yoast SEO plugin. -->","yoast_head_json":{"title":"Fit durch die Firma - Kim Radner","robots":{"index":"index","follow":"follow","max-snippet":"max-snippet:-1","max-image-preview":"max-image-preview:large","max-video-preview":"max-video-preview:-1"},"canonical":"https:\/\/kimradner.de\/en\/product\/fit-durch-die-firma\/","og_locale":"en_US","og_type":"article","og_title":"Fit durch die Firma - Kim Radner","og_url":"https:\/\/kimradner.de\/en\/product\/fit-durch-die-firma\/","og_site_name":"Kim Radner","article_modified_time":"2026-01-31T11:02:41+00:00","og_image":[{"width":500,"height":500,"url":"https:\/\/kimradner.de\/wp-content\/uploads\/2025\/07\/Firmenfitness.png","type":"image\/png"}],"twitter_card":"summary_large_image","twitter_misc":{"Est. reading time":"2 minutes"},"schema":{"@context":"https:\/\/schema.org","@graph":[{"@type":"WebPage","@id":"https:\/\/kimradner.de\/product\/fit-durch-die-firma","url":"https:\/\/kimradner.de\/product\/fit-durch-die-firma","name":"Fit durch die Firma - Kim Radner","isPartOf":{"@id":"https:\/\/kimradner.de\/#website"},"primaryImageOfPage":{"@id":"https:\/\/kimradner.de\/product\/fit-durch-die-firma#primaryimage"},"image":{"@id":"https:\/\/kimradner.de\/product\/fit-durch-die-firma#primaryimage"},"thumbnailUrl":"https:\/\/kimradner.de\/wp-content\/uploads\/2025\/07\/Firmenfitness.png","datePublished":"2025-07-01T12:57:48+00:00","dateModified":"2026-01-31T11:02:41+00:00","breadcrumb":{"@id":"https:\/\/kimradner.de\/product\/fit-durch-die-firma#breadcrumb"},"inLanguage":"en-US","potentialAction":[{"@type":"ReadAction","target":["https:\/\/kimradner.de\/product\/fit-durch-die-firma"]}]},{"@type":"ImageObject","inLanguage":"en-US","@id":"https:\/\/kimradner.de\/product\/fit-durch-die-firma#primaryimage","url":"https:\/\/kimradner.de\/wp-content\/uploads\/2025\/07\/Firmenfitness.png","contentUrl":"https:\/\/kimradner.de\/wp-content\/uploads\/2025\/07\/Firmenfitness.png","width":500,"height":500},{"@type":"BreadcrumbList","@id":"https:\/\/kimradner.de\/product\/fit-durch-die-firma#breadcrumb","itemListElement":[{"@type":"ListItem","position":1,"name":"Startseite","item":"https:\/\/kimradner.de\/"},{"@type":"ListItem","position":2,"name":"Produkte","item":"https:\/\/kimradner.de\/shop"},{"@type":"ListItem","position":3,"name":"Fit durch die Firma"}]},{"@type":"WebSite","@id":"https:\/\/kimradner.de\/#website","url":"https:\/\/kimradner.de\/","name":"Kim Radner","description":"Kim Radner, move eat sleep reapeat","potentialAction":[{"@type":"SearchAction","target":{"@type":"EntryPoint","urlTemplate":"https:\/\/kimradner.de\/?s={search_term_string}"},"query-input":{"@type":"PropertyValueSpecification","valueRequired":true,"valueName":"search_term_string"}}],"inLanguage":"en-US"}]}},"_links":{"self":[{"href":"https:\/\/kimradner.de\/en\/wp-json\/wp\/v2\/product\/1117","targetHints":{"allow":["GET"]}}],"collection":[{"href":"https:\/\/kimradner.de\/en\/wp-json\/wp\/v2\/product"}],"about":[{"href":"https:\/\/kimradner.de\/en\/wp-json\/wp\/v2\/types\/product"}],"replies":[{"embeddable":true,"href":"https:\/\/kimradner.de\/en\/wp-json\/wp\/v2\/comments?post=1117"}],"wp:featuredmedia":[{"embeddable":true,"href":"https:\/\/kimradner.de\/en\/wp-json\/wp\/v2\/media\/1190"}],"wp:attachment":[{"href":"https:\/\/kimradner.de\/en\/wp-json\/wp\/v2\/media?parent=1117"}],"wp:term":[{"taxonomy":"product_brand","embeddable":true,"href":"https:\/\/kimradner.de\/en\/wp-json\/wp\/v2\/product_brand?post=1117"},{"taxonomy":"product_cat","embeddable":true,"href":"https:\/\/kimradner.de\/en\/wp-json\/wp\/v2\/product_cat?post=1117"},{"taxonomy":"product_tag","embeddable":true,"href":"https:\/\/kimradner.de\/en\/wp-json\/wp\/v2\/product_tag?post=1117"}],"curies":[{"name":"wp","href":"https:\/\/api.w.org\/{rel}","templated":true}]}}