{"id":1112,"date":"2025-07-01T12:53:06","date_gmt":"2025-07-01T12:53:06","guid":{"rendered":"https:\/\/kimradner.de\/?post_type=product&#038;p=1112"},"modified":"2025-10-20T21:49:22","modified_gmt":"2025-10-20T19:49:22","slug":"enter-the-floor-advanced-class","status":"publish","type":"product","link":"https:\/\/kimradner.de\/en\/product\/enter-the-floor-advanced-class","title":{"rendered":"enter the floor &#8211; advanced class &#8211;"},"content":{"rendered":"<div class=\"wpb-content-wrapper\"><div data-parent=\"true\" class=\"vc_row row-container\" id=\"row-unique-0\"><div class=\"row limit-width row-parent\"><div class=\"wpb_row row-inner\"><div class=\"wpb_column pos-top pos-center align_left column_parent col-lg-12 single-internal-gutter\"><div class=\"uncol style-light\"  ><div class=\"uncoltable\"><div class=\"uncell no-block-padding\" ><div class=\"uncont\" ><div class=\"uncode_text_column\" ><p><strong>enter the floor &#8211; advanced class<\/strong><\/p>\n<p class=\"p1\">Leitung: Kim Radner<\/p>\n<p class=\"p1\">Wer schon erste Erfahrungen mit Parkour gesammelt hat, kann in diesem Aufbaukurs neue H\u00f6hen erklimmen \u2013 im wahrsten Sinne des Wortes. Hier stehen komplexere Bewegungsabl\u00e4ufe, sichere Landetechniken, Timing und effizientes \u00dcberwinden von Herausforderungen im Vordergrund. Die Kinder lernen, ihre K\u00f6rperbewegungen gezielter zu planen und im freien Raum intuitiv zu agieren. Parkour st\u00e4rkt nicht nur physische F\u00e4higkeiten, sondern auch mentale Klarheit, Durchhalteverm\u00f6gen und das Vertrauen in sich selbst. Dieser Kurs macht Kinder bewegungsstark \u2013 in der Halle und im Alltag.<\/p>\n<p class=\"p1\"><strong>Schwerpunkte:<\/strong><\/p>\n<p class=\"p1\">\u2022 flu\u0308ssige Kombinationen &amp; fortgeschrittene Techniken<\/p>\n<p class=\"p1\">\u2022 Sicherheit in Sprung- und Landephasen<\/p>\n<p class=\"p1\">\u2022 mentale St\u00e4rke &amp; kreative L\u00f6sungsstrategien<\/p>\n<p class=\"p1\">\u2022 Dynamik &amp; Verantwortung im Gruppengefu\u0308ge<\/p>\n<p><strong>Alter:<\/strong><\/p>\n<p>\u2022 8 &#8211; 12 Jahre<\/p>\n<p><strong>Datum:<\/strong><\/p>\n<p>\u2022 &#8211;<\/p>\n<p><strong>Preis:<\/strong><\/p>\n<p>\u2022 79,00 \u20ac<\/p>\n<p><strong>Ort:<\/strong><\/p>\n<p>\u2022 Daun, Hillesheim, Gerolstein<\/p>\n<\/div><\/div><\/div><\/div><\/div><\/div><script id=\"script-row-unique-0\" data-row=\"script-row-unique-0\" type=\"text\/javascript\" class=\"vc_controls\">UNCODE.initRow(document.getElementById(\"row-unique-0\"));<\/script><\/div><\/div><\/div>\n<\/div>","protected":false},"excerpt":{"rendered":"enter the floor &#8211; advanced class Leitung: Kim Radner Wer schon erste Erfahrungen mit Parkour gesammelt hat, kann in diesem [...]","protected":false},"featured_media":1189,"comment_status":"open","ping_status":"closed","template":"","meta":[],"product_brand":[],"product_cat":[54],"product_tag":[],"class_list":{"0":"post-1112","1":"product","2":"type-product","3":"status-publish","4":"has-post-thumbnail","6":"product_cat-kinder","8":"first","9":"outofstock","10":"taxable","11":"shipping-taxable","12":"purchasable","13":"product-type-simple"},"yoast_head":"<!-- This site is optimized with the Yoast SEO plugin v27.4 - https:\/\/yoast.com\/product\/yoast-seo-wordpress\/ -->\n<title>enter the floor - advanced class - Kim Radner<\/title>\n<meta name=\"robots\" content=\"index, follow, max-snippet:-1, max-image-preview:large, max-video-preview:-1\" \/>\n<link rel=\"canonical\" href=\"https:\/\/kimradner.de\/en\/product\/enter-the-floor-advanced-class\/\" \/>\n<meta property=\"og:locale\" content=\"en_US\" \/>\n<meta property=\"og:type\" content=\"article\" \/>\n<meta property=\"og:title\" content=\"enter the floor - advanced class - Kim Radner\" \/>\n<meta property=\"og:url\" content=\"https:\/\/kimradner.de\/en\/product\/enter-the-floor-advanced-class\/\" \/>\n<meta property=\"og:site_name\" content=\"Kim Radner\" \/>\n<meta property=\"article:modified_time\" content=\"2025-10-20T19:49:22+00:00\" \/>\n<meta property=\"og:image\" content=\"https:\/\/kimradner.de\/wp-content\/uploads\/2025\/07\/Parkour_advanced.png\" \/>\n\t<meta property=\"og:image:width\" content=\"500\" \/>\n\t<meta property=\"og:image:height\" content=\"500\" \/>\n\t<meta property=\"og:image:type\" content=\"image\/png\" \/>\n<meta name=\"twitter:card\" content=\"summary_large_image\" \/>\n<meta name=\"twitter:label1\" content=\"Est. reading time\" \/>\n\t<meta name=\"twitter:data1\" content=\"1 minute\" \/>\n<script type=\"application\/ld+json\" class=\"yoast-schema-graph\">{\"@context\":\"https:\\\/\\\/schema.org\",\"@graph\":[{\"@type\":\"WebPage\",\"@id\":\"https:\\\/\\\/kimradner.de\\\/product\\\/enter-the-floor-advanced-class\",\"url\":\"https:\\\/\\\/kimradner.de\\\/product\\\/enter-the-floor-advanced-class\",\"name\":\"enter the floor - advanced class - Kim Radner\",\"isPartOf\":{\"@id\":\"https:\\\/\\\/kimradner.de\\\/#website\"},\"primaryImageOfPage\":{\"@id\":\"https:\\\/\\\/kimradner.de\\\/product\\\/enter-the-floor-advanced-class#primaryimage\"},\"image\":{\"@id\":\"https:\\\/\\\/kimradner.de\\\/product\\\/enter-the-floor-advanced-class#primaryimage\"},\"thumbnailUrl\":\"https:\\\/\\\/kimradner.de\\\/wp-content\\\/uploads\\\/2025\\\/07\\\/Parkour_advanced.png\",\"datePublished\":\"2025-07-01T12:53:06+00:00\",\"dateModified\":\"2025-10-20T19:49:22+00:00\",\"breadcrumb\":{\"@id\":\"https:\\\/\\\/kimradner.de\\\/product\\\/enter-the-floor-advanced-class#breadcrumb\"},\"inLanguage\":\"en-US\",\"potentialAction\":[{\"@type\":\"ReadAction\",\"target\":[\"https:\\\/\\\/kimradner.de\\\/product\\\/enter-the-floor-advanced-class\"]}]},{\"@type\":\"ImageObject\",\"inLanguage\":\"en-US\",\"@id\":\"https:\\\/\\\/kimradner.de\\\/product\\\/enter-the-floor-advanced-class#primaryimage\",\"url\":\"https:\\\/\\\/kimradner.de\\\/wp-content\\\/uploads\\\/2025\\\/07\\\/Parkour_advanced.png\",\"contentUrl\":\"https:\\\/\\\/kimradner.de\\\/wp-content\\\/uploads\\\/2025\\\/07\\\/Parkour_advanced.png\",\"width\":500,\"height\":500},{\"@type\":\"BreadcrumbList\",\"@id\":\"https:\\\/\\\/kimradner.de\\\/product\\\/enter-the-floor-advanced-class#breadcrumb\",\"itemListElement\":[{\"@type\":\"ListItem\",\"position\":1,\"name\":\"Startseite\",\"item\":\"https:\\\/\\\/kimradner.de\\\/\"},{\"@type\":\"ListItem\",\"position\":2,\"name\":\"Produkte\",\"item\":\"https:\\\/\\\/kimradner.de\\\/shop\"},{\"@type\":\"ListItem\",\"position\":3,\"name\":\"enter the floor &#8211; advanced class &#8211;\"}]},{\"@type\":\"WebSite\",\"@id\":\"https:\\\/\\\/kimradner.de\\\/#website\",\"url\":\"https:\\\/\\\/kimradner.de\\\/\",\"name\":\"Kim Radner\",\"description\":\"Kim Radner, move eat sleep reapeat\",\"potentialAction\":[{\"@type\":\"SearchAction\",\"target\":{\"@type\":\"EntryPoint\",\"urlTemplate\":\"https:\\\/\\\/kimradner.de\\\/?s={search_term_string}\"},\"query-input\":{\"@type\":\"PropertyValueSpecification\",\"valueRequired\":true,\"valueName\":\"search_term_string\"}}],\"inLanguage\":\"en-US\"}]}<\/script>\n<!-- \/ Yoast SEO plugin. -->","yoast_head_json":{"title":"enter the floor - advanced class - Kim Radner","robots":{"index":"index","follow":"follow","max-snippet":"max-snippet:-1","max-image-preview":"max-image-preview:large","max-video-preview":"max-video-preview:-1"},"canonical":"https:\/\/kimradner.de\/en\/product\/enter-the-floor-advanced-class\/","og_locale":"en_US","og_type":"article","og_title":"enter the floor - advanced class - Kim Radner","og_url":"https:\/\/kimradner.de\/en\/product\/enter-the-floor-advanced-class\/","og_site_name":"Kim Radner","article_modified_time":"2025-10-20T19:49:22+00:00","og_image":[{"width":500,"height":500,"url":"https:\/\/kimradner.de\/wp-content\/uploads\/2025\/07\/Parkour_advanced.png","type":"image\/png"}],"twitter_card":"summary_large_image","twitter_misc":{"Est. reading time":"1 minute"},"schema":{"@context":"https:\/\/schema.org","@graph":[{"@type":"WebPage","@id":"https:\/\/kimradner.de\/product\/enter-the-floor-advanced-class","url":"https:\/\/kimradner.de\/product\/enter-the-floor-advanced-class","name":"enter the floor - advanced class - Kim Radner","isPartOf":{"@id":"https:\/\/kimradner.de\/#website"},"primaryImageOfPage":{"@id":"https:\/\/kimradner.de\/product\/enter-the-floor-advanced-class#primaryimage"},"image":{"@id":"https:\/\/kimradner.de\/product\/enter-the-floor-advanced-class#primaryimage"},"thumbnailUrl":"https:\/\/kimradner.de\/wp-content\/uploads\/2025\/07\/Parkour_advanced.png","datePublished":"2025-07-01T12:53:06+00:00","dateModified":"2025-10-20T19:49:22+00:00","breadcrumb":{"@id":"https:\/\/kimradner.de\/product\/enter-the-floor-advanced-class#breadcrumb"},"inLanguage":"en-US","potentialAction":[{"@type":"ReadAction","target":["https:\/\/kimradner.de\/product\/enter-the-floor-advanced-class"]}]},{"@type":"ImageObject","inLanguage":"en-US","@id":"https:\/\/kimradner.de\/product\/enter-the-floor-advanced-class#primaryimage","url":"https:\/\/kimradner.de\/wp-content\/uploads\/2025\/07\/Parkour_advanced.png","contentUrl":"https:\/\/kimradner.de\/wp-content\/uploads\/2025\/07\/Parkour_advanced.png","width":500,"height":500},{"@type":"BreadcrumbList","@id":"https:\/\/kimradner.de\/product\/enter-the-floor-advanced-class#breadcrumb","itemListElement":[{"@type":"ListItem","position":1,"name":"Startseite","item":"https:\/\/kimradner.de\/"},{"@type":"ListItem","position":2,"name":"Produkte","item":"https:\/\/kimradner.de\/shop"},{"@type":"ListItem","position":3,"name":"enter the floor &#8211; advanced class &#8211;"}]},{"@type":"WebSite","@id":"https:\/\/kimradner.de\/#website","url":"https:\/\/kimradner.de\/","name":"Kim Radner","description":"Kim Radner, move eat sleep reapeat","potentialAction":[{"@type":"SearchAction","target":{"@type":"EntryPoint","urlTemplate":"https:\/\/kimradner.de\/?s={search_term_string}"},"query-input":{"@type":"PropertyValueSpecification","valueRequired":true,"valueName":"search_term_string"}}],"inLanguage":"en-US"}]}},"_links":{"self":[{"href":"https:\/\/kimradner.de\/en\/wp-json\/wp\/v2\/product\/1112","targetHints":{"allow":["GET"]}}],"collection":[{"href":"https:\/\/kimradner.de\/en\/wp-json\/wp\/v2\/product"}],"about":[{"href":"https:\/\/kimradner.de\/en\/wp-json\/wp\/v2\/types\/product"}],"replies":[{"embeddable":true,"href":"https:\/\/kimradner.de\/en\/wp-json\/wp\/v2\/comments?post=1112"}],"wp:featuredmedia":[{"embeddable":true,"href":"https:\/\/kimradner.de\/en\/wp-json\/wp\/v2\/media\/1189"}],"wp:attachment":[{"href":"https:\/\/kimradner.de\/en\/wp-json\/wp\/v2\/media?parent=1112"}],"wp:term":[{"taxonomy":"product_brand","embeddable":true,"href":"https:\/\/kimradner.de\/en\/wp-json\/wp\/v2\/product_brand?post=1112"},{"taxonomy":"product_cat","embeddable":true,"href":"https:\/\/kimradner.de\/en\/wp-json\/wp\/v2\/product_cat?post=1112"},{"taxonomy":"product_tag","embeddable":true,"href":"https:\/\/kimradner.de\/en\/wp-json\/wp\/v2\/product_tag?post=1112"}],"curies":[{"name":"wp","href":"https:\/\/api.w.org\/{rel}","templated":true}]}}