{"id":1111,"date":"2025-07-01T12:52:34","date_gmt":"2025-07-01T12:52:34","guid":{"rendered":"https:\/\/kimradner.de\/?post_type=product&#038;p=1111"},"modified":"2025-10-26T11:04:06","modified_gmt":"2025-10-26T10:04:06","slug":"enter-the-floor-beginner-class","status":"publish","type":"product","link":"https:\/\/kimradner.de\/en\/product\/enter-the-floor-beginner-class","title":{"rendered":"enter the floor &#8211; beginner class &#8211; 21.04.2026"},"content":{"rendered":"<div class=\"wpb-content-wrapper\"><div data-parent=\"true\" class=\"vc_row row-container\" id=\"row-unique-0\"><div class=\"row limit-width row-parent\"><div class=\"wpb_row row-inner\"><div class=\"wpb_column pos-top pos-center align_left column_parent col-lg-12 single-internal-gutter\"><div class=\"uncol style-light\"  ><div class=\"uncoltable\"><div class=\"uncell no-block-padding\" ><div class=\"uncont\" ><div class=\"uncode_text_column\" ><\/p>\n<p class=\"p1\"><strong>enter the floor &#8211; beginner class<\/strong><\/p>\n<p>Leitung: Kim Radner<\/p>\n<p class=\"p1\">Parkour ist mehr als Sport \u2013 es ist Ausdruck, K\u00f6rperbeherrschung und Freiheit in Bewegung. In diesem Einsteiger-Workshop entdecken Kinder spielerisch, wie sie Hindernisse u\u0308berwinden, ihren K\u00f6rper bewusst einsetzen und ihre Beweglichkeit verbessern k\u00f6nnen. Dabei werden Mut, Kreativit\u00e4t und Koordination gleicherma\u00dfen gef\u00f6rdert. Die Bewegung im offenen Raum st\u00e4rkt Selbstvertrauen, Konzentration und ein positives K\u00f6rpergefu\u0308hl. Ohne Leistungsdruck und mit viel Spa\u00df an Bewegung erleben Kinder hier ein aktives Abenteuer, das gleichzeitig motorische Grundlagen st\u00e4rkt.<\/p>\n<p class=\"p1\"><strong>Schwerpunkte:<\/strong><\/p>\n<p class=\"p1\">\u2022 Grundtechniken des Parkour<\/p>\n<p class=\"p1\">\u2022 Raumwahrnehmung &amp; kreative Bewegungsl\u00f6sungen<\/p>\n<p class=\"p1\">\u2022 Koordination, Balance &amp; K\u00f6rperspannung<\/p>\n<p class=\"p1\">\u2022 Selbstbewusstsein &amp; Gruppenerlebnis<\/p>\n<p><strong>Alter:<\/strong><\/p>\n<p>\u2022 6 &#8211; 10 Jahre<\/p>\n<p><strong>Datum:<\/strong><\/p>\n<p>\u2022 21.04 &#8211; 19.05.2026<\/p>\n<p>\u2022 Dienstags, 17:00 &#8211; 18:00 Uhr<\/p>\n<p><strong>Preis:<\/strong><\/p>\n<p>\u2022 69,00 \u20ac<\/p>\n<p><strong>Ort:<\/strong><\/p>\n<p>\u2022 Daun, Bewegungsschule<\/p>\n<\/div><\/div><\/div><\/div><\/div><\/div><script id=\"script-row-unique-0\" data-row=\"script-row-unique-0\" type=\"text\/javascript\" class=\"vc_controls\">UNCODE.initRow(document.getElementById(\"row-unique-0\"));<\/script><\/div><\/div><\/div>\n<\/div>","protected":false},"excerpt":{"rendered":"enter the floor &#8211; beginner class Leitung: Kim Radner Parkour ist mehr als Sport \u2013 es ist Ausdruck, K\u00f6rperbeherrschung und [...]","protected":false},"featured_media":1188,"comment_status":"open","ping_status":"closed","template":"","meta":[],"product_brand":[],"product_cat":[54],"product_tag":[],"class_list":{"0":"post-1111","1":"product","2":"type-product","3":"status-publish","4":"has-post-thumbnail","6":"product_cat-kinder","8":"first","9":"outofstock","10":"taxable","11":"shipping-taxable","12":"purchasable","13":"product-type-simple"},"yoast_head":"<!-- This site is optimized with the Yoast SEO plugin v27.4 - https:\/\/yoast.com\/product\/yoast-seo-wordpress\/ -->\n<title>enter the floor - beginner class - 21.04.2026 - Kim Radner<\/title>\n<meta name=\"robots\" content=\"index, follow, max-snippet:-1, max-image-preview:large, max-video-preview:-1\" \/>\n<link rel=\"canonical\" href=\"https:\/\/kimradner.de\/en\/product\/enter-the-floor-beginner-class\/\" \/>\n<meta property=\"og:locale\" content=\"en_US\" \/>\n<meta property=\"og:type\" content=\"article\" \/>\n<meta property=\"og:title\" content=\"enter the floor - beginner class - 21.04.2026 - Kim Radner\" \/>\n<meta property=\"og:url\" content=\"https:\/\/kimradner.de\/en\/product\/enter-the-floor-beginner-class\/\" \/>\n<meta property=\"og:site_name\" content=\"Kim Radner\" \/>\n<meta property=\"article:modified_time\" content=\"2025-10-26T10:04:06+00:00\" \/>\n<meta property=\"og:image\" content=\"https:\/\/kimradner.de\/wp-content\/uploads\/2025\/07\/Parkour_beginner1.png\" \/>\n\t<meta property=\"og:image:width\" content=\"500\" \/>\n\t<meta property=\"og:image:height\" content=\"500\" \/>\n\t<meta property=\"og:image:type\" content=\"image\/png\" \/>\n<meta name=\"twitter:card\" content=\"summary_large_image\" \/>\n<meta name=\"twitter:label1\" content=\"Est. reading time\" \/>\n\t<meta name=\"twitter:data1\" content=\"1 minute\" \/>\n<script type=\"application\/ld+json\" class=\"yoast-schema-graph\">{\"@context\":\"https:\\\/\\\/schema.org\",\"@graph\":[{\"@type\":\"WebPage\",\"@id\":\"https:\\\/\\\/kimradner.de\\\/product\\\/enter-the-floor-beginner-class\",\"url\":\"https:\\\/\\\/kimradner.de\\\/product\\\/enter-the-floor-beginner-class\",\"name\":\"enter the floor - beginner class - 21.04.2026 - Kim Radner\",\"isPartOf\":{\"@id\":\"https:\\\/\\\/kimradner.de\\\/#website\"},\"primaryImageOfPage\":{\"@id\":\"https:\\\/\\\/kimradner.de\\\/product\\\/enter-the-floor-beginner-class#primaryimage\"},\"image\":{\"@id\":\"https:\\\/\\\/kimradner.de\\\/product\\\/enter-the-floor-beginner-class#primaryimage\"},\"thumbnailUrl\":\"https:\\\/\\\/kimradner.de\\\/wp-content\\\/uploads\\\/2025\\\/07\\\/Parkour_beginner1.png\",\"datePublished\":\"2025-07-01T12:52:34+00:00\",\"dateModified\":\"2025-10-26T10:04:06+00:00\",\"breadcrumb\":{\"@id\":\"https:\\\/\\\/kimradner.de\\\/product\\\/enter-the-floor-beginner-class#breadcrumb\"},\"inLanguage\":\"en-US\",\"potentialAction\":[{\"@type\":\"ReadAction\",\"target\":[\"https:\\\/\\\/kimradner.de\\\/product\\\/enter-the-floor-beginner-class\"]}]},{\"@type\":\"ImageObject\",\"inLanguage\":\"en-US\",\"@id\":\"https:\\\/\\\/kimradner.de\\\/product\\\/enter-the-floor-beginner-class#primaryimage\",\"url\":\"https:\\\/\\\/kimradner.de\\\/wp-content\\\/uploads\\\/2025\\\/07\\\/Parkour_beginner1.png\",\"contentUrl\":\"https:\\\/\\\/kimradner.de\\\/wp-content\\\/uploads\\\/2025\\\/07\\\/Parkour_beginner1.png\",\"width\":500,\"height\":500},{\"@type\":\"BreadcrumbList\",\"@id\":\"https:\\\/\\\/kimradner.de\\\/product\\\/enter-the-floor-beginner-class#breadcrumb\",\"itemListElement\":[{\"@type\":\"ListItem\",\"position\":1,\"name\":\"Startseite\",\"item\":\"https:\\\/\\\/kimradner.de\\\/\"},{\"@type\":\"ListItem\",\"position\":2,\"name\":\"Produkte\",\"item\":\"https:\\\/\\\/kimradner.de\\\/shop\"},{\"@type\":\"ListItem\",\"position\":3,\"name\":\"enter the floor &#8211; beginner class &#8211; 21.04.2026\"}]},{\"@type\":\"WebSite\",\"@id\":\"https:\\\/\\\/kimradner.de\\\/#website\",\"url\":\"https:\\\/\\\/kimradner.de\\\/\",\"name\":\"Kim Radner\",\"description\":\"Kim Radner, move eat sleep reapeat\",\"potentialAction\":[{\"@type\":\"SearchAction\",\"target\":{\"@type\":\"EntryPoint\",\"urlTemplate\":\"https:\\\/\\\/kimradner.de\\\/?s={search_term_string}\"},\"query-input\":{\"@type\":\"PropertyValueSpecification\",\"valueRequired\":true,\"valueName\":\"search_term_string\"}}],\"inLanguage\":\"en-US\"}]}<\/script>\n<!-- \/ Yoast SEO plugin. -->","yoast_head_json":{"title":"enter the floor - beginner class - 21.04.2026 - Kim Radner","robots":{"index":"index","follow":"follow","max-snippet":"max-snippet:-1","max-image-preview":"max-image-preview:large","max-video-preview":"max-video-preview:-1"},"canonical":"https:\/\/kimradner.de\/en\/product\/enter-the-floor-beginner-class\/","og_locale":"en_US","og_type":"article","og_title":"enter the floor - beginner class - 21.04.2026 - Kim Radner","og_url":"https:\/\/kimradner.de\/en\/product\/enter-the-floor-beginner-class\/","og_site_name":"Kim Radner","article_modified_time":"2025-10-26T10:04:06+00:00","og_image":[{"width":500,"height":500,"url":"https:\/\/kimradner.de\/wp-content\/uploads\/2025\/07\/Parkour_beginner1.png","type":"image\/png"}],"twitter_card":"summary_large_image","twitter_misc":{"Est. reading time":"1 minute"},"schema":{"@context":"https:\/\/schema.org","@graph":[{"@type":"WebPage","@id":"https:\/\/kimradner.de\/product\/enter-the-floor-beginner-class","url":"https:\/\/kimradner.de\/product\/enter-the-floor-beginner-class","name":"enter the floor - beginner class - 21.04.2026 - Kim Radner","isPartOf":{"@id":"https:\/\/kimradner.de\/#website"},"primaryImageOfPage":{"@id":"https:\/\/kimradner.de\/product\/enter-the-floor-beginner-class#primaryimage"},"image":{"@id":"https:\/\/kimradner.de\/product\/enter-the-floor-beginner-class#primaryimage"},"thumbnailUrl":"https:\/\/kimradner.de\/wp-content\/uploads\/2025\/07\/Parkour_beginner1.png","datePublished":"2025-07-01T12:52:34+00:00","dateModified":"2025-10-26T10:04:06+00:00","breadcrumb":{"@id":"https:\/\/kimradner.de\/product\/enter-the-floor-beginner-class#breadcrumb"},"inLanguage":"en-US","potentialAction":[{"@type":"ReadAction","target":["https:\/\/kimradner.de\/product\/enter-the-floor-beginner-class"]}]},{"@type":"ImageObject","inLanguage":"en-US","@id":"https:\/\/kimradner.de\/product\/enter-the-floor-beginner-class#primaryimage","url":"https:\/\/kimradner.de\/wp-content\/uploads\/2025\/07\/Parkour_beginner1.png","contentUrl":"https:\/\/kimradner.de\/wp-content\/uploads\/2025\/07\/Parkour_beginner1.png","width":500,"height":500},{"@type":"BreadcrumbList","@id":"https:\/\/kimradner.de\/product\/enter-the-floor-beginner-class#breadcrumb","itemListElement":[{"@type":"ListItem","position":1,"name":"Startseite","item":"https:\/\/kimradner.de\/"},{"@type":"ListItem","position":2,"name":"Produkte","item":"https:\/\/kimradner.de\/shop"},{"@type":"ListItem","position":3,"name":"enter the floor &#8211; beginner class &#8211; 21.04.2026"}]},{"@type":"WebSite","@id":"https:\/\/kimradner.de\/#website","url":"https:\/\/kimradner.de\/","name":"Kim Radner","description":"Kim Radner, move eat sleep reapeat","potentialAction":[{"@type":"SearchAction","target":{"@type":"EntryPoint","urlTemplate":"https:\/\/kimradner.de\/?s={search_term_string}"},"query-input":{"@type":"PropertyValueSpecification","valueRequired":true,"valueName":"search_term_string"}}],"inLanguage":"en-US"}]}},"_links":{"self":[{"href":"https:\/\/kimradner.de\/en\/wp-json\/wp\/v2\/product\/1111","targetHints":{"allow":["GET"]}}],"collection":[{"href":"https:\/\/kimradner.de\/en\/wp-json\/wp\/v2\/product"}],"about":[{"href":"https:\/\/kimradner.de\/en\/wp-json\/wp\/v2\/types\/product"}],"replies":[{"embeddable":true,"href":"https:\/\/kimradner.de\/en\/wp-json\/wp\/v2\/comments?post=1111"}],"wp:featuredmedia":[{"embeddable":true,"href":"https:\/\/kimradner.de\/en\/wp-json\/wp\/v2\/media\/1188"}],"wp:attachment":[{"href":"https:\/\/kimradner.de\/en\/wp-json\/wp\/v2\/media?parent=1111"}],"wp:term":[{"taxonomy":"product_brand","embeddable":true,"href":"https:\/\/kimradner.de\/en\/wp-json\/wp\/v2\/product_brand?post=1111"},{"taxonomy":"product_cat","embeddable":true,"href":"https:\/\/kimradner.de\/en\/wp-json\/wp\/v2\/product_cat?post=1111"},{"taxonomy":"product_tag","embeddable":true,"href":"https:\/\/kimradner.de\/en\/wp-json\/wp\/v2\/product_tag?post=1111"}],"curies":[{"name":"wp","href":"https:\/\/api.w.org\/{rel}","templated":true}]}}